{"id":70,"date":"2020-08-17T14:11:19","date_gmt":"2020-08-17T11:11:19","guid":{"rendered":"https:\/\/www.retkeilyvaruste.com\/?page_id=70"},"modified":"2020-08-27T07:06:55","modified_gmt":"2020-08-27T04:06:55","slug":"kajakit","status":"publish","type":"page","link":"https:\/\/www.retkeilyvaruste.com\/index.php\/kajakit\/","title":{"rendered":"Kajakit"},"content":{"rendered":"\n<p>Hyvin varustettu Sit-On-Top -kajakki kalastukseen ja m\u00f6kkimelontaan. Tukevassa kajakissa on mukava pehmustettu ja hyvin muotoiltu Hi2Low-istuin, joka tekee esim. kalastamisesta miellytt\u00e4v\u00e4\u00e4.<\/p>\n\n\n\n<p><strong>Kajakeissa vuokrattavana:<\/strong><br>2 kpl Aqua Moon SOT kalastuskajakkia<br>1 kpl Liker Angler SOT kalastuskajakki<br>1 kpl Rainbow Angler SOT kalastuskajakki<\/p>\n\n\n\n<p><strong>Varusteet:<\/strong><br>Melat, liivit ja vapatelineet.<br>Isommissa kajakeissa jaloilla ohjattavat per\u00e4simet.<\/p>\n\n\n\n<p><strong>Vuokraus:<\/strong><br>Vuokra maksetaan ennen vuokra-ajan alkamista ja ennen maksua k\u00e4yd\u00e4\u00e4n l\u00e4pi vuokraehdot, kajakin kunto sek\u00e4 varusteet.<br><span style=\"text-decoration: underline;\">Vuokrausaika:<\/span> minimi vuorokausi<br><span style=\"text-decoration: underline;\">Aqua Moon SOT:<\/span> Vuorokausi 40\u20ac, Viikonloppu 80\u20ac, Viikko 160\u20ac<br><span style=\"text-decoration: underline;\">Liker Angler SOT ja Rainbow Angler SOT:<\/span> Vuorokausi 50\u20ac, Viikonloppu 100\u20ac, Viikko 200\u20ac<br><span style=\"text-decoration: underline;\">Maksutavat:<\/span> Mobilepay, lasku, k\u00e4teinen<\/p>\n\n\n\n<p>Kajakkien nouto ja toimitus sovittavissa. (toimitushinta tapauskohtaisesti) Kajakit sijaitsevat Helsingiss\u00e4\/Porvoossa.<\/p>\n\n\n\n<div class=\"wp-block-columns\">\n<div class=\"wp-block-column\">\n<figure class=\"wp-block-image size-large\"><img loading=\"lazy\" width=\"1024\" height=\"768\" src=\"https:\/\/www.retkeilyvaruste.com\/wp-content\/uploads\/2020\/08\/AquaMoonSOT_01-1024x768.jpg\" alt=\"\" class=\"wp-image-49\" srcset=\"https:\/\/www.retkeilyvaruste.com\/wp-content\/uploads\/2020\/08\/AquaMoonSOT_01-1024x768.jpg 1024w, https:\/\/www.retkeilyvaruste.com\/wp-content\/uploads\/2020\/08\/AquaMoonSOT_01-300x225.jpg 300w, https:\/\/www.retkeilyvaruste.com\/wp-content\/uploads\/2020\/08\/AquaMoonSOT_01-768x576.jpg 768w, https:\/\/www.retkeilyvaruste.com\/wp-content\/uploads\/2020\/08\/AquaMoonSOT_01-1536x1152.jpg 1536w, https:\/\/www.retkeilyvaruste.com\/wp-content\/uploads\/2020\/08\/AquaMoonSOT_01.jpg 1600w\" sizes=\"(max-width: 1024px) 100vw, 1024px\" \/><\/figure>\n<\/div>\n\n\n\n<div class=\"wp-block-column\">\n<figure class=\"wp-block-image size-large\"><img loading=\"lazy\" width=\"1024\" height=\"768\" src=\"https:\/\/www.retkeilyvaruste.com\/wp-content\/uploads\/2020\/08\/AquaMoonSOT_02-1024x768.jpg\" alt=\"\" class=\"wp-image-48\" srcset=\"https:\/\/www.retkeilyvaruste.com\/wp-content\/uploads\/2020\/08\/AquaMoonSOT_02-1024x768.jpg 1024w, https:\/\/www.retkeilyvaruste.com\/wp-content\/uploads\/2020\/08\/AquaMoonSOT_02-300x225.jpg 300w, https:\/\/www.retkeilyvaruste.com\/wp-content\/uploads\/2020\/08\/AquaMoonSOT_02-768x576.jpg 768w, https:\/\/www.retkeilyvaruste.com\/wp-content\/uploads\/2020\/08\/AquaMoonSOT_02-1536x1152.jpg 1536w, https:\/\/www.retkeilyvaruste.com\/wp-content\/uploads\/2020\/08\/AquaMoonSOT_02.jpg 1600w\" sizes=\"(max-width: 1024px) 100vw, 1024px\" \/><\/figure>\n<\/div>\n<\/div>\n\n\n\n<p>2 Aqua Moon SOT kalastuskajakkia, pituus 300cm, leveys 75cm, paino 24kg<\/p>\n\n\n\n<div class=\"wp-block-columns\">\n<div class=\"wp-block-column\">\n<figure class=\"wp-block-image size-large\"><img loading=\"lazy\" width=\"1024\" height=\"768\" src=\"https:\/\/www.retkeilyvaruste.com\/wp-content\/uploads\/2020\/08\/IMG_20200623_143728-1024x768.jpg\" alt=\"\" class=\"wp-image-137\" srcset=\"https:\/\/www.retkeilyvaruste.com\/wp-content\/uploads\/2020\/08\/IMG_20200623_143728-1024x768.jpg 1024w, https:\/\/www.retkeilyvaruste.com\/wp-content\/uploads\/2020\/08\/IMG_20200623_143728-300x225.jpg 300w, https:\/\/www.retkeilyvaruste.com\/wp-content\/uploads\/2020\/08\/IMG_20200623_143728-768x576.jpg 768w, https:\/\/www.retkeilyvaruste.com\/wp-content\/uploads\/2020\/08\/IMG_20200623_143728-1536x1152.jpg 1536w, https:\/\/www.retkeilyvaruste.com\/wp-content\/uploads\/2020\/08\/IMG_20200623_143728-2048x1536.jpg 2048w\" sizes=\"(max-width: 1024px) 100vw, 1024px\" \/><\/figure>\n<\/div>\n\n\n\n<div class=\"wp-block-column\">\n<figure class=\"wp-block-image size-large\"><img loading=\"lazy\" width=\"1024\" height=\"766\" src=\"https:\/\/www.retkeilyvaruste.com\/wp-content\/uploads\/2020\/08\/IMG_20200623_144510-1024x766.jpg\" alt=\"\" class=\"wp-image-136\" srcset=\"https:\/\/www.retkeilyvaruste.com\/wp-content\/uploads\/2020\/08\/IMG_20200623_144510-1024x766.jpg 1024w, https:\/\/www.retkeilyvaruste.com\/wp-content\/uploads\/2020\/08\/IMG_20200623_144510-300x225.jpg 300w, https:\/\/www.retkeilyvaruste.com\/wp-content\/uploads\/2020\/08\/IMG_20200623_144510-768x575.jpg 768w, https:\/\/www.retkeilyvaruste.com\/wp-content\/uploads\/2020\/08\/IMG_20200623_144510-1536x1150.jpg 1536w, https:\/\/www.retkeilyvaruste.com\/wp-content\/uploads\/2020\/08\/IMG_20200623_144510-2048x1533.jpg 2048w\" sizes=\"(max-width: 1024px) 100vw, 1024px\" \/><\/figure>\n<\/div>\n<\/div>\n\n\n\n<p>Liker Angler SOT kalastuskajakki, pituus 400cm, leveys 78cm, paino 27kg<\/p>\n\n\n\n<div class=\"wp-block-columns\">\n<div class=\"wp-block-column\">\n<figure class=\"wp-block-image size-large\"><img loading=\"lazy\" width=\"768\" height=\"1024\" src=\"https:\/\/www.retkeilyvaruste.com\/wp-content\/uploads\/2020\/08\/RainbowAnglerSOT_01-768x1024.jpg\" alt=\"\" class=\"wp-image-47\" srcset=\"https:\/\/www.retkeilyvaruste.com\/wp-content\/uploads\/2020\/08\/RainbowAnglerSOT_01-768x1024.jpg 768w, https:\/\/www.retkeilyvaruste.com\/wp-content\/uploads\/2020\/08\/RainbowAnglerSOT_01-225x300.jpg 225w, https:\/\/www.retkeilyvaruste.com\/wp-content\/uploads\/2020\/08\/RainbowAnglerSOT_01-1152x1536.jpg 1152w, https:\/\/www.retkeilyvaruste.com\/wp-content\/uploads\/2020\/08\/RainbowAnglerSOT_01.jpg 1200w\" sizes=\"(max-width: 768px) 100vw, 768px\" \/><\/figure>\n<\/div>\n\n\n\n<div class=\"wp-block-column\"><\/div>\n<\/div>\n\n\n\n<p>Rainbow Angler SOT kalastuskajakki, pituus 433cm, leveys 77cm, paino 33kg<\/p>\n","protected":false},"excerpt":{"rendered":"<p>Hyvin varustettu Sit-On-Top -kajakki kalastukseen ja m\u00f6kkimelontaan. Tukevassa kajakissa on mukava pehmustettu ja hyvin muotoiltu Hi2Low-istuin, joka tekee esim. kalastamisesta miellytt\u00e4v\u00e4\u00e4. Kajakeissa vuokrattavana:2 kpl Aqua Moon SOT kalastuskajakkia1 kpl Liker Angler SOT kalastuskajakki1 kpl Rainbow Angler SOT kalastuskajakki Varusteet:Melat, liivit ja vapatelineet.Isommissa kajakeissa jaloilla ohjattavat per\u00e4simet. Vuokraus:Vuokra maksetaan ennen vuokra-ajan alkamista ja ennen maksua k\u00e4yd\u00e4\u00e4n &#8230; <a title=\"Kajakit\" class=\"read-more\" href=\"https:\/\/www.retkeilyvaruste.com\/index.php\/kajakit\/\">Lue lis\u00e4\u00e4 <span class=\"screen-reader-text\">Kajakit<\/span><\/a><\/p>\n","protected":false},"author":1,"featured_media":0,"parent":0,"menu_order":0,"comment_status":"closed","ping_status":"closed","template":"","meta":[],"_links":{"self":[{"href":"https:\/\/www.retkeilyvaruste.com\/index.php\/wp-json\/wp\/v2\/pages\/70"}],"collection":[{"href":"https:\/\/www.retkeilyvaruste.com\/index.php\/wp-json\/wp\/v2\/pages"}],"about":[{"href":"https:\/\/www.retkeilyvaruste.com\/index.php\/wp-json\/wp\/v2\/types\/page"}],"author":[{"embeddable":true,"href":"https:\/\/www.retkeilyvaruste.com\/index.php\/wp-json\/wp\/v2\/users\/1"}],"replies":[{"embeddable":true,"href":"https:\/\/www.retkeilyvaruste.com\/index.php\/wp-json\/wp\/v2\/comments?post=70"}],"version-history":[{"count":24,"href":"https:\/\/www.retkeilyvaruste.com\/index.php\/wp-json\/wp\/v2\/pages\/70\/revisions"}],"predecessor-version":[{"id":139,"href":"https:\/\/www.retkeilyvaruste.com\/index.php\/wp-json\/wp\/v2\/pages\/70\/revisions\/139"}],"wp:attachment":[{"href":"https:\/\/www.retkeilyvaruste.com\/index.php\/wp-json\/wp\/v2\/media?parent=70"}],"curies":[{"name":"wp","href":"https:\/\/api.w.org\/{rel}","templated":true}]}}