{"id":7,"date":"2020-07-25T22:11:50","date_gmt":"2020-07-25T19:11:50","guid":{"rendered":"https:\/\/www.retkeilyvaruste.com\/?page_id=7"},"modified":"2020-08-27T07:00:51","modified_gmt":"2020-08-27T04:00:51","slug":"etusivu","status":"publish","type":"page","link":"https:\/\/www.retkeilyvaruste.com\/","title":{"rendered":"Etusivu"},"content":{"rendered":"\n<div class=\"wp-block-media-text alignwide is-stacked-on-mobile\" style=\"grid-template-columns:36% auto\"><figure class=\"wp-block-media-text__media\"><img loading=\"lazy\" width=\"768\" height=\"1024\" src=\"https:\/\/www.retkeilyvaruste.com\/wp-content\/uploads\/2020\/08\/20200802_120233-768x1024.jpg\" alt=\"\" class=\"wp-image-91\" srcset=\"https:\/\/www.retkeilyvaruste.com\/wp-content\/uploads\/2020\/08\/20200802_120233-768x1024.jpg 768w, https:\/\/www.retkeilyvaruste.com\/wp-content\/uploads\/2020\/08\/20200802_120233-225x300.jpg 225w, https:\/\/www.retkeilyvaruste.com\/wp-content\/uploads\/2020\/08\/20200802_120233-1152x1536.jpg 1152w, https:\/\/www.retkeilyvaruste.com\/wp-content\/uploads\/2020\/08\/20200802_120233-1536x2048.jpg 1536w, https:\/\/www.retkeilyvaruste.com\/wp-content\/uploads\/2020\/08\/20200802_120233-scaled.jpg 1920w\" sizes=\"(max-width: 768px) 100vw, 768px\" \/><\/figure><div class=\"wp-block-media-text__content\">\n<p>Hyvin varustellut Sit-On-Top -kajakit kalastukseen, retkeilyyn ja vaikka vesilintujahtiin. Tukevissa kajakeissa on mukavat ja hyvin muotoillut istuimet. Kajakeissa hyvin s\u00e4ilytystilaa tavaroille, y\u00f6n yli retket onnistuu my\u00f6s mukavasti.<\/p>\n<\/div><\/div>\n","protected":false},"excerpt":{"rendered":"<p>Hyvin varustellut Sit-On-Top -kajakit kalastukseen, retkeilyyn ja vaikka vesilintujahtiin. Tukevissa kajakeissa on mukavat ja hyvin muotoillut istuimet. Kajakeissa hyvin s\u00e4ilytystilaa tavaroille, y\u00f6n yli retket onnistuu my\u00f6s mukavasti.<\/p>\n","protected":false},"author":1,"featured_media":0,"parent":0,"menu_order":0,"comment_status":"closed","ping_status":"closed","template":"","meta":[],"_links":{"self":[{"href":"https:\/\/www.retkeilyvaruste.com\/index.php\/wp-json\/wp\/v2\/pages\/7"}],"collection":[{"href":"https:\/\/www.retkeilyvaruste.com\/index.php\/wp-json\/wp\/v2\/pages"}],"about":[{"href":"https:\/\/www.retkeilyvaruste.com\/index.php\/wp-json\/wp\/v2\/types\/page"}],"author":[{"embeddable":true,"href":"https:\/\/www.retkeilyvaruste.com\/index.php\/wp-json\/wp\/v2\/users\/1"}],"replies":[{"embeddable":true,"href":"https:\/\/www.retkeilyvaruste.com\/index.php\/wp-json\/wp\/v2\/comments?post=7"}],"version-history":[{"count":13,"href":"https:\/\/www.retkeilyvaruste.com\/index.php\/wp-json\/wp\/v2\/pages\/7\/revisions"}],"predecessor-version":[{"id":135,"href":"https:\/\/www.retkeilyvaruste.com\/index.php\/wp-json\/wp\/v2\/pages\/7\/revisions\/135"}],"wp:attachment":[{"href":"https:\/\/www.retkeilyvaruste.com\/index.php\/wp-json\/wp\/v2\/media?parent=7"}],"curies":[{"name":"wp","href":"https:\/\/api.w.org\/{rel}","templated":true}]}}