{"id":180,"date":"2022-04-15T08:19:35","date_gmt":"2022-04-15T05:19:35","guid":{"rendered":"https:\/\/www.retkeilyvaruste.com\/?page_id=180"},"modified":"2022-04-15T08:19:35","modified_gmt":"2022-04-15T05:19:35","slug":"kumivene","status":"publish","type":"page","link":"https:\/\/www.retkeilyvaruste.com\/index.php\/kumivene\/","title":{"rendered":"Kumivene"},"content":{"rendered":"\n<p>Gala C450 kumivene<\/p>\n\n\n\n<p>Ilmat\u00e4ytteinen, kannettava vene, jonka saa pakattua laukkuun, asentuu k\u00e4ytt\u00f6kuntoon vartissa ja on suunniteltu seikkailuja ajatellen.<\/p>\n\n\n\n<p>Gala on pitk\u00e4 ja kapea kumivene joka sopii hyvin vesiretkeilyyn, retkeilyyn, kalastukseen, mets\u00e4stykseen, joen nousuun ja laskuun, lammille, j\u00e4rville, merelle.<\/p>\n\n\n\n<p>Veneen vuokraus alkaen 100\u20ac\/vkl.<\/p>\n\n\n\n<p>Kysy tarjous.<\/p>\n\n\n\n<p>Mahdollisuus vuokrata veneen mukaan Suzuki 8hp per\u00e4moottori tai pieni s\u00e4hk\u00f6per\u00e4moottori.<\/p>\n\n\n\n<ul><li>Pituus 450cm<\/li><li>Leveys 109cm<\/li><li>Paino 29kg<\/li><li>Kantavuus 450kg<\/li><li>Max hl\u00f6. 4<\/li><li>Max per\u00e4moottori 8hp\/40kg<\/li><\/ul>\n\n\n\n<div class=\"wp-block-columns\">\n<div class=\"wp-block-column\">\n<figure class=\"wp-block-image size-large\"><img loading=\"lazy\" width=\"1024\" height=\"768\" src=\"https:\/\/www.retkeilyvaruste.com\/wp-content\/uploads\/2022\/04\/IMG_20210820_133151-1024x768.jpg\" alt=\"\" class=\"wp-image-181\" srcset=\"https:\/\/www.retkeilyvaruste.com\/wp-content\/uploads\/2022\/04\/IMG_20210820_133151-1024x768.jpg 1024w, https:\/\/www.retkeilyvaruste.com\/wp-content\/uploads\/2022\/04\/IMG_20210820_133151-300x225.jpg 300w, https:\/\/www.retkeilyvaruste.com\/wp-content\/uploads\/2022\/04\/IMG_20210820_133151-768x576.jpg 768w, https:\/\/www.retkeilyvaruste.com\/wp-content\/uploads\/2022\/04\/IMG_20210820_133151-1536x1152.jpg 1536w, https:\/\/www.retkeilyvaruste.com\/wp-content\/uploads\/2022\/04\/IMG_20210820_133151-2048x1536.jpg 2048w\" sizes=\"(max-width: 1024px) 100vw, 1024px\" \/><\/figure>\n<\/div>\n<\/div>\n\n\n\n<figure class=\"wp-block-image size-large\"><img loading=\"lazy\" width=\"768\" height=\"1024\" src=\"https:\/\/www.retkeilyvaruste.com\/wp-content\/uploads\/2022\/04\/IMG_20210820_115307-3-768x1024.jpg\" alt=\"\" class=\"wp-image-185\" srcset=\"https:\/\/www.retkeilyvaruste.com\/wp-content\/uploads\/2022\/04\/IMG_20210820_115307-3-768x1024.jpg 768w, https:\/\/www.retkeilyvaruste.com\/wp-content\/uploads\/2022\/04\/IMG_20210820_115307-3-225x300.jpg 225w, https:\/\/www.retkeilyvaruste.com\/wp-content\/uploads\/2022\/04\/IMG_20210820_115307-3-1152x1536.jpg 1152w, https:\/\/www.retkeilyvaruste.com\/wp-content\/uploads\/2022\/04\/IMG_20210820_115307-3-1536x2048.jpg 1536w, https:\/\/www.retkeilyvaruste.com\/wp-content\/uploads\/2022\/04\/IMG_20210820_115307-3-scaled.jpg 1920w\" sizes=\"(max-width: 768px) 100vw, 768px\" \/><\/figure>\n","protected":false},"excerpt":{"rendered":"<p>Gala C450 kumivene Ilmat\u00e4ytteinen, kannettava vene, jonka saa pakattua laukkuun, asentuu k\u00e4ytt\u00f6kuntoon vartissa ja on suunniteltu seikkailuja ajatellen. Gala on pitk\u00e4 ja kapea kumivene joka sopii hyvin vesiretkeilyyn, retkeilyyn, kalastukseen, mets\u00e4stykseen, joen nousuun ja laskuun, lammille, j\u00e4rville, merelle. Veneen vuokraus alkaen 100\u20ac\/vkl. Kysy tarjous. Mahdollisuus vuokrata veneen mukaan Suzuki 8hp per\u00e4moottori tai pieni s\u00e4hk\u00f6per\u00e4moottori. Pituus &#8230; <a title=\"Kumivene\" class=\"read-more\" href=\"https:\/\/www.retkeilyvaruste.com\/index.php\/kumivene\/\">Lue lis\u00e4\u00e4 <span class=\"screen-reader-text\">Kumivene<\/span><\/a><\/p>\n","protected":false},"author":1,"featured_media":0,"parent":0,"menu_order":0,"comment_status":"closed","ping_status":"closed","template":"","meta":[],"_links":{"self":[{"href":"https:\/\/www.retkeilyvaruste.com\/index.php\/wp-json\/wp\/v2\/pages\/180"}],"collection":[{"href":"https:\/\/www.retkeilyvaruste.com\/index.php\/wp-json\/wp\/v2\/pages"}],"about":[{"href":"https:\/\/www.retkeilyvaruste.com\/index.php\/wp-json\/wp\/v2\/types\/page"}],"author":[{"embeddable":true,"href":"https:\/\/www.retkeilyvaruste.com\/index.php\/wp-json\/wp\/v2\/users\/1"}],"replies":[{"embeddable":true,"href":"https:\/\/www.retkeilyvaruste.com\/index.php\/wp-json\/wp\/v2\/comments?post=180"}],"version-history":[{"count":1,"href":"https:\/\/www.retkeilyvaruste.com\/index.php\/wp-json\/wp\/v2\/pages\/180\/revisions"}],"predecessor-version":[{"id":187,"href":"https:\/\/www.retkeilyvaruste.com\/index.php\/wp-json\/wp\/v2\/pages\/180\/revisions\/187"}],"wp:attachment":[{"href":"https:\/\/www.retkeilyvaruste.com\/index.php\/wp-json\/wp\/v2\/media?parent=180"}],"curies":[{"name":"wp","href":"https:\/\/api.w.org\/{rel}","templated":true}]}}