{"id":171,"date":"2021-06-14T20:27:55","date_gmt":"2021-06-14T17:27:55","guid":{"rendered":"https:\/\/www.retkeilyvaruste.com\/?page_id=171"},"modified":"2021-06-14T20:33:09","modified_gmt":"2021-06-14T17:33:09","slug":"savotta-sauna-teltta","status":"publish","type":"page","link":"https:\/\/www.retkeilyvaruste.com\/index.php\/savotta-sauna-teltta\/","title":{"rendered":"Savotta telttasauna"},"content":{"rendered":"\n<p>Vuokrataan nelj\u00e4n hengen Savotta Hiisi 4 telttasauna lyhyemp\u00e4\u00e4n tai pidemp\u00e4\u00e4n reissuun. Tarvittaessa my\u00f6s toimitetaan ja pystytet\u00e4\u00e4n Uudenmaan alueelle. Vuorokausihinta 50\u20ac ja pidemm\u00e4t vuokrausajat sopimuksen mukaan.<\/p>\n\n\n\n<p>Hiisi nelosen kevyt paino ja kompakti pakkauskoko (noin 150 x 30 x 10 cm) tekev\u00e4t kuljetuksesta ja s\u00e4ilytyksest\u00e4 helppoa. Ota Hiisi mukaan rannalle, tunturiin, mets\u00e4n siimekseen tai takapahille ja nauti l\u00e4mmitt\u00e4vist\u00e4 l\u00f6ylyist\u00e4 miss\u00e4 ikin\u00e4 oletkaan.<\/p>\n\n\n\n<ul id=\"block-bb861d54-43de-4d2a-a991-b9102f352236\"><li>Paino: 8,7 kg (kiuas erikseen)<\/li><li>Mitat: 250 x 140\/200 cm<\/li><li>Lattiapinta-ala: 5,4 m\u00b2<\/li><\/ul>\n\n\n\n<div class=\"wp-block-columns\">\n<div class=\"wp-block-column\">\n<figure class=\"wp-block-image size-large\"><img loading=\"lazy\" width=\"768\" height=\"1024\" src=\"https:\/\/www.retkeilyvaruste.com\/wp-content\/uploads\/2021\/06\/20200911_165614-768x1024.jpg\" alt=\"\" class=\"wp-image-174\" srcset=\"https:\/\/www.retkeilyvaruste.com\/wp-content\/uploads\/2021\/06\/20200911_165614-768x1024.jpg 768w, https:\/\/www.retkeilyvaruste.com\/wp-content\/uploads\/2021\/06\/20200911_165614-225x300.jpg 225w, https:\/\/www.retkeilyvaruste.com\/wp-content\/uploads\/2021\/06\/20200911_165614-1152x1536.jpg 1152w, https:\/\/www.retkeilyvaruste.com\/wp-content\/uploads\/2021\/06\/20200911_165614-1536x2048.jpg 1536w, https:\/\/www.retkeilyvaruste.com\/wp-content\/uploads\/2021\/06\/20200911_165614-scaled.jpg 1920w\" sizes=\"(max-width: 768px) 100vw, 768px\" \/><\/figure>\n<\/div>\n\n\n\n<div class=\"wp-block-column\">\n<figure class=\"wp-block-image size-large\"><img loading=\"lazy\" width=\"768\" height=\"1024\" src=\"https:\/\/www.retkeilyvaruste.com\/wp-content\/uploads\/2021\/06\/20200911_173030-768x1024.jpg\" alt=\"\" class=\"wp-image-173\" srcset=\"https:\/\/www.retkeilyvaruste.com\/wp-content\/uploads\/2021\/06\/20200911_173030-768x1024.jpg 768w, https:\/\/www.retkeilyvaruste.com\/wp-content\/uploads\/2021\/06\/20200911_173030-225x300.jpg 225w, https:\/\/www.retkeilyvaruste.com\/wp-content\/uploads\/2021\/06\/20200911_173030-1152x1536.jpg 1152w, https:\/\/www.retkeilyvaruste.com\/wp-content\/uploads\/2021\/06\/20200911_173030-1536x2048.jpg 1536w, https:\/\/www.retkeilyvaruste.com\/wp-content\/uploads\/2021\/06\/20200911_173030-scaled.jpg 1920w\" sizes=\"(max-width: 768px) 100vw, 768px\" \/><\/figure>\n<\/div>\n<\/div>\n","protected":false},"excerpt":{"rendered":"<p>Vuokrataan nelj\u00e4n hengen Savotta Hiisi 4 telttasauna lyhyemp\u00e4\u00e4n tai pidemp\u00e4\u00e4n reissuun. Tarvittaessa my\u00f6s toimitetaan ja pystytet\u00e4\u00e4n Uudenmaan alueelle. Vuorokausihinta 50\u20ac ja pidemm\u00e4t vuokrausajat sopimuksen mukaan. Hiisi nelosen kevyt paino ja kompakti pakkauskoko (noin 150 x 30 x 10 cm) tekev\u00e4t kuljetuksesta ja s\u00e4ilytyksest\u00e4 helppoa. Ota Hiisi mukaan rannalle, tunturiin, mets\u00e4n siimekseen tai takapahille ja nauti &#8230; <a title=\"Savotta telttasauna\" class=\"read-more\" href=\"https:\/\/www.retkeilyvaruste.com\/index.php\/savotta-sauna-teltta\/\">Lue lis\u00e4\u00e4 <span class=\"screen-reader-text\">Savotta telttasauna<\/span><\/a><\/p>\n","protected":false},"author":1,"featured_media":0,"parent":0,"menu_order":0,"comment_status":"closed","ping_status":"closed","template":"","meta":[],"_links":{"self":[{"href":"https:\/\/www.retkeilyvaruste.com\/index.php\/wp-json\/wp\/v2\/pages\/171"}],"collection":[{"href":"https:\/\/www.retkeilyvaruste.com\/index.php\/wp-json\/wp\/v2\/pages"}],"about":[{"href":"https:\/\/www.retkeilyvaruste.com\/index.php\/wp-json\/wp\/v2\/types\/page"}],"author":[{"embeddable":true,"href":"https:\/\/www.retkeilyvaruste.com\/index.php\/wp-json\/wp\/v2\/users\/1"}],"replies":[{"embeddable":true,"href":"https:\/\/www.retkeilyvaruste.com\/index.php\/wp-json\/wp\/v2\/comments?post=171"}],"version-history":[{"count":3,"href":"https:\/\/www.retkeilyvaruste.com\/index.php\/wp-json\/wp\/v2\/pages\/171\/revisions"}],"predecessor-version":[{"id":177,"href":"https:\/\/www.retkeilyvaruste.com\/index.php\/wp-json\/wp\/v2\/pages\/171\/revisions\/177"}],"wp:attachment":[{"href":"https:\/\/www.retkeilyvaruste.com\/index.php\/wp-json\/wp\/v2\/media?parent=171"}],"curies":[{"name":"wp","href":"https:\/\/api.w.org\/{rel}","templated":true}]}}