{"id":165,"date":"2021-06-14T20:24:09","date_gmt":"2021-06-14T17:24:09","guid":{"rendered":"https:\/\/www.retkeilyvaruste.com\/?page_id=165"},"modified":"2021-06-14T20:24:09","modified_gmt":"2021-06-14T17:24:09","slug":"sup-laudat","status":"publish","type":"page","link":"https:\/\/www.retkeilyvaruste.com\/index.php\/sup-laudat\/","title":{"rendered":"SUP-laudat"},"content":{"rendered":"\n<p>Vuokrataan kaksi SUP-lautaa valmiiksi t\u00e4ytettyn\u00e4 tai paketissa kassissa. Toimitetaan Porvoon alueelle tai nouto. Toimitus sovitaan varauksen mukaan.<\/p>\n\n\n\n<p>Vuokra-ajat, minimi puoli p\u00e4iv\u00e4\u00e4 30\u20ac\/lauta ja p\u00e4iv\u00e4 50\u20ac\/lauta. Laudat ilmat\u00e4ytteisi\u00e4\u00a0 HULA beach yleislautoja jotka tukevia k\u00e4ytt\u00e4\u00e4. Kantavuus max. 150kg.<\/p>\n\n\n\n<p>Lautojen mitat P300cm, L80cm ja K15cm.<\/p>\n\n\n\n<figure class=\"wp-block-image size-large\"><img loading=\"lazy\" width=\"768\" height=\"1024\" src=\"https:\/\/www.retkeilyvaruste.com\/wp-content\/uploads\/2021\/06\/IMG-20200830-WA0016-1.jpg\" alt=\"\" class=\"wp-image-168\" srcset=\"https:\/\/www.retkeilyvaruste.com\/wp-content\/uploads\/2021\/06\/IMG-20200830-WA0016-1.jpg 768w, https:\/\/www.retkeilyvaruste.com\/wp-content\/uploads\/2021\/06\/IMG-20200830-WA0016-1-225x300.jpg 225w\" sizes=\"(max-width: 768px) 100vw, 768px\" \/><\/figure>\n","protected":false},"excerpt":{"rendered":"<p>Vuokrataan kaksi SUP-lautaa valmiiksi t\u00e4ytettyn\u00e4 tai paketissa kassissa. Toimitetaan Porvoon alueelle tai nouto. Toimitus sovitaan varauksen mukaan. Vuokra-ajat, minimi puoli p\u00e4iv\u00e4\u00e4 30\u20ac\/lauta ja p\u00e4iv\u00e4 50\u20ac\/lauta. Laudat ilmat\u00e4ytteisi\u00e4\u00a0 HULA beach yleislautoja jotka tukevia k\u00e4ytt\u00e4\u00e4. Kantavuus max. 150kg. Lautojen mitat P300cm, L80cm ja K15cm.<\/p>\n","protected":false},"author":1,"featured_media":0,"parent":0,"menu_order":0,"comment_status":"closed","ping_status":"closed","template":"","meta":[],"_links":{"self":[{"href":"https:\/\/www.retkeilyvaruste.com\/index.php\/wp-json\/wp\/v2\/pages\/165"}],"collection":[{"href":"https:\/\/www.retkeilyvaruste.com\/index.php\/wp-json\/wp\/v2\/pages"}],"about":[{"href":"https:\/\/www.retkeilyvaruste.com\/index.php\/wp-json\/wp\/v2\/types\/page"}],"author":[{"embeddable":true,"href":"https:\/\/www.retkeilyvaruste.com\/index.php\/wp-json\/wp\/v2\/users\/1"}],"replies":[{"embeddable":true,"href":"https:\/\/www.retkeilyvaruste.com\/index.php\/wp-json\/wp\/v2\/comments?post=165"}],"version-history":[{"count":2,"href":"https:\/\/www.retkeilyvaruste.com\/index.php\/wp-json\/wp\/v2\/pages\/165\/revisions"}],"predecessor-version":[{"id":169,"href":"https:\/\/www.retkeilyvaruste.com\/index.php\/wp-json\/wp\/v2\/pages\/165\/revisions\/169"}],"wp:attachment":[{"href":"https:\/\/www.retkeilyvaruste.com\/index.php\/wp-json\/wp\/v2\/media?parent=165"}],"curies":[{"name":"wp","href":"https:\/\/api.w.org\/{rel}","templated":true}]}}